{"id":19,"date":"2017-06-10T08:34:22","date_gmt":"2017-06-10T08:34:22","guid":{"rendered":"http:\/\/xtratheme.combusiness-2\/?page_id=13"},"modified":"2023-08-20T14:25:45","modified_gmt":"2023-08-20T14:25:45","slug":"faq","status":"publish","type":"page","link":"https:\/\/burma-katzenzucht.de\/de\/faq\/","title":{"rendered":"H\u00e4ufig gestellte Fragen"},"content":{"rendered":"<div class=\"wpb-content-wrapper\"><p>[vc_row][vc_column]<div class=\"cz_gap clr \" style=\"height: 10px\"><\/div>[\/vc_column][\/vc_row][vc_row gap=&#8220;35&#8243; css=&#8220;.vc_custom_1692340505596{background-position: center !important;background-repeat: no-repeat !important;background-size: cover !important;}&#8220;][vc_column offset=&#8220;vc_col-lg-8&#8243; css=&#8220;.vc_custom_1516136899580{padding-right: 20px !important;}&#8220;]<div id=\"cz_23043\" class=\"cz_23043 cz_title clr cz_title_pos_inline\"><div class=\"cz_title_content\"><div class=\"cz_wpe_content\"><h3><span style=\"font-size: 34px;\">Haben Sie irgendwelche Fragen?<\/span><\/h3>\n<\/div><\/div><\/div><div class=\"cz_gap clr \" style=\"height: 40px\"><\/div>[vc_column_text]Bitte lesen Sie die Fragen unten und wenn Sie keine Antwort finden, senden Sie uns Ihre Frage, wir werden sie so schnell wie m\u00f6glich beantworten.[\/vc_column_text]<div id=\"cz_48179\" class=\"cz_48179 cz_title clr cz_title_has_icon cz_title_pos_inline\"><div class=\"cz_title_content\"><i class=\"cz_title_icon_before fa fa-question\"><\/i><div class=\"cz_wpe_content\"><h4>H\u00e4ufig gestellte Fragen<\/h4>\n<\/div><\/div><\/div><div id=\"cz_90125\" data-arrows='{\"open\":\"fa fa-angle-down\",\"close\":\"fa fa-angle-up\"}' class=\"cz_90125 cz_acc clr cz_acc_toggle cz_acc_first_open\"><div><div id=\"cz_19890\"><span class=\"cz_acc_child\"><div>Wann sind die K\u00e4tzchen bereit, in ihr neues Zuhause zu ziehen?<\/div><\/span><div class=\"cz_acc_child_content clr\">[vc_column_text]Burma-K\u00e4tzchen sollten zwischen 15 und 18 Wochen alt sein, wenn sie in ihr neues Zuhause ziehen k\u00f6nnen, denn sie m\u00fcssen bereit, stark und gesund sein, um den Umzug zu bew\u00e4ltigen. Wir beurteilen immer individuell, wann das K\u00e4tzchen oder die K\u00e4tzchen bereit und stark genug sind, um den Stress des Umzugs und die Trennung von ihren Wurfgeschwistern zu bew\u00e4ltigen.[\/vc_column_text]<\/div><\/div><div id=\"cz_38542\"><span class=\"cz_acc_child\"><div>Darf ich die Cattery besuchen?<\/div><\/span><div class=\"cz_acc_child_content clr\">[vc_column_text css=&#8220;.vc_custom_1692541333040{padding-bottom: 30px !important;}&#8220;]In letzter Zeit erhalten wir diese Frage h\u00e4ufig und finden es wichtig, sie auch auf unserer Webseite zu kl\u00e4ren, zus\u00e4tzlich zu den individuellen Antworten, die wir \u00fcber das Kontaktformular geben. Um das Risiko einer Einschleppung von Viren oder Bakterien in unsere Zuchtst\u00e4tte zu minimieren, haben wir spezielle Protokolle. Falls Sie sich f\u00fcr ein K\u00e4tzchen entschieden haben und es pers\u00f6nlich sehen m\u00f6chten, k\u00f6nnen wir Sie in einem daf\u00fcr vorgesehenen G\u00e4stebereich begr\u00fc\u00dfen. Allerdings k\u00f6nnen wir Ihnen das K\u00e4tzchen, f\u00fcr das Sie sich interessieren, erst aus der Ferne und ohne direkten Kontakt zeigen, wenn es alle Impfungen erhalten hat. Es ist wichtig zu bedenken, dass Sie m\u00f6glicherweise Tr\u00e4ger von Viren oder anderen Gefahren f\u00fcr die K\u00e4tzchen sein k\u00f6nnten, ohne es zu wissen. K\u00e4tzchen sind bis zur vollst\u00e4ndigen Impfung sehr anf\u00e4llig f\u00fcr Viren und Bakterien. Das ist ein Risiko, das wir einfach nicht eingehen k\u00f6nnen. Wir k\u00f6nnen Ihnen immer Videos des K\u00e4tzchens schicken, an dem Sie interessiert sind, und bei Bedarf einen Videoanruf \u00fcber WhatsApp, FaceTime oder Messenger arrangieren.[\/vc_column_text]<\/div><\/div><div id=\"cz_80790\"><span class=\"cz_acc_child\"><div>Sind weibliche Katzen s\u00fc\u00dfer als m\u00e4nnliche Katzen?<\/div><\/span><div class=\"cz_acc_child_content clr\">[vc_column_text]Alle Burmesen lieben es, gestreichelt und gekuschelt zu werden. Jedes K\u00e4tzchen hat seine eigene Pers\u00f6nlichkeit, genau wie Menschen. Im Allgemeinen sind wir der Meinung, dass Jungen eher &#8222;entspannt&#8220; sind, w\u00e4hrend M\u00e4dchen sehr engagiert sind. Sie sind jedoch sehr anh\u00e4nglich (sowohl M\u00e4nnchen als auch Weibchen) und brauchen Liebe und Gesellschaft.[\/vc_column_text]<\/div><\/div><div id=\"cz_31970\"><span class=\"cz_acc_child\"><div>Wie lange leben Burma Katzen?<\/div><\/span><div class=\"cz_acc_child_content clr\">[vc_column_text]Burma katzen k\u00f6nnen bis zu 18 Jahre und \u00e4lter werden.[\/vc_column_text]<\/div><\/div><div id=\"cz_95817\"><span class=\"cz_acc_child\"><div>Sind Burma Katzen anh\u00e4nglich?<\/div><\/span><div class=\"cz_acc_child_content clr\">[vc_column_text]Die Burma ist eine \u00e4u\u00dferst anh\u00e4ngliche Katze und liebt die Gesellschaft des Menschen. Sie ist eine entspannte Katze, die mit jedem gut auskommt.[\/vc_column_text]<\/div><\/div><div id=\"cz_76404\"><span class=\"cz_acc_child\"><div>Werde ich viel Fell im Haus haben, wenn ich eine Burmakatze habe?<\/div><\/span><div class=\"cz_acc_child_content clr\">[vc_column_text]Alle Katzen haaren, aber bei der Burma Katze ist das Haaren nicht \u00fcberm\u00e4\u00dfig.[\/vc_column_text]<\/div><\/div><div id=\"cz_84514\"><span class=\"cz_acc_child\"><div>Vertragen sich burmesischen Katzen gut mit anderen Haustieren?<\/div><\/span><div class=\"cz_acc_child_content clr\">[vc_column_text]Normalerweise ja. Sie neigen dazu, sich selbst als &#8222;K\u00f6nig oder K\u00f6nigin des Palastes&#8220; zu betrachten, aber aufgrund ihrer entspannten Pers\u00f6nlichkeit passen sie sich sehr gut an andere Tiere im Haushalt an, besonders wenn sie als K\u00e4tzchen in den Haushalt gebracht werden.[\/vc_column_text]<\/div><\/div><div id=\"cz_77665\"><span class=\"cz_acc_child\"><div>Verstehen sich Burmakatzen gut mit Kindern und sind sie aktiv im Haus?<\/div><\/span><div class=\"cz_acc_child_content clr\">[vc_column_text]Aufgrund ihres aufgeschlossenen und selbstbewussten Wesens passen sich Burmesen schnell an viele Situationen und Ger\u00e4usche im Haushalt an. Sie freuen sich \u00fcber Kuscheln und viel Aufmerksamkeit. Allerdings sollten Sie kleine Kinder immer darauf hinweisen, dass sie liebevoll und sanft mit ihrer Burma umgehen und bitte nicht an ihrem Schwanz ziehen sollen.[\/vc_column_text]<\/div><\/div><div id=\"cz_26947\"><span class=\"cz_acc_child\"><div>Wird meine Burma einsam sein, wenn ich tags\u00fcber arbeite?<\/div><\/span><div class=\"cz_acc_child_content clr\">[vc_column_text]Burmese Katzen neigen dazu, sich sehr stark mit ihren Besitzern zu verbinden. Wenn sie tags\u00fcber allein gelassen werden, schlafen sie wahrscheinlich die meiste Zeit und sind einsatzbereit, wenn Sie nach Hause kommen. Nach einem langen Tag des Alleinseins k\u00f6nnen Sie davon ausgehen, dass Ihre Burma an Ihnen \u201ekleben\u201c wird. Sie w\u00fcnschen sich nichts sehnlicher, als geliebt zu werden und mit Ihnen zu spielen. Sie sind am gl\u00fccklichsten, wenn sie Gesellschaft haben, entweder einen Menschen oder ein Tier.[\/vc_column_text]<\/div><\/div><\/div><\/div><div class=\"cz_gap clr \" style=\"height: 50px\"><\/div>[\/vc_column][vc_column offset=&#8220;vc_col-lg-4&#8243;]<div id=\"cz_23726\" data-position=\"top-right\" class=\"cz_23726 cz_image clr cz_image_no_fx center_on_mobile\"><div class=\"cz_svg_bg\" ><div class=\"cz_image_in\"><div class=\"cz_main_image\"><img fetchpriority=\"high\" loading=\"eager\" decoding=\"sync\" data-no-lazy=\"1\" width=\"850\" height=\"850\" src=\"https:\/\/burma-katzenzucht.de\/wp-content\/uploads\/2023\/08\/Yuma.jpg\" class=\"attachment-full\" alt=\"Burmese kitten\" title=\"Yuma\" srcset=\"https:\/\/burma-katzenzucht.de\/wp-content\/uploads\/2023\/08\/Yuma.jpg 850w, https:\/\/burma-katzenzucht.de\/wp-content\/uploads\/2023\/08\/Yuma-300x300.jpg 300w, https:\/\/burma-katzenzucht.de\/wp-content\/uploads\/2023\/08\/Yuma-150x150.jpg 150w, https:\/\/burma-katzenzucht.de\/wp-content\/uploads\/2023\/08\/Yuma-768x768.jpg 768w, https:\/\/burma-katzenzucht.de\/wp-content\/uploads\/2023\/08\/Yuma-600x600.jpg 600w, https:\/\/burma-katzenzucht.de\/wp-content\/uploads\/2023\/08\/Yuma-45x45.jpg 45w\" sizes=\"(max-width: 850px) 100vw, 850px\"  \/><\/div><\/div><\/div><\/div><div class=\"cz_gap clr \" style=\"height: 50px\"><\/div><div id=\"cz_95641\" class=\"cz_95641 cz_title clr cz_title_has_icon cz_title_pos_inline\"><div class=\"cz_title_content\"><i class=\"cz_title_icon_before fa fa-comment\"><\/i><div class=\"cz_wpe_content\"><h4>Ask Us<\/h4>\n<\/div><\/div><\/div><div id=\"cz_90920\" class=\"cz_90920 cz_cf7 clr\"><div>\n<div class=\"wpcf7 no-js\" id=\"wpcf7-f5675-o1\" lang=\"en-US\" dir=\"ltr\" data-wpcf7-id=\"5675\">\n<div class=\"screen-reader-response\"><p role=\"status\" aria-live=\"polite\" aria-atomic=\"true\"><\/p> <ul><\/ul><\/div>\n<form action=\"\/de\/wp-json\/wp\/v2\/pages\/19#wpcf7-f5675-o1\" method=\"post\" class=\"wpcf7-form init\" aria-label=\"Contact form\" novalidate=\"novalidate\" data-status=\"init\">\n<fieldset class=\"hidden-fields-container\"><input type=\"hidden\" name=\"_wpcf7\" value=\"5675\" \/><input type=\"hidden\" name=\"_wpcf7_version\" value=\"6.1.5\" \/><input type=\"hidden\" name=\"_wpcf7_locale\" value=\"en_US\" \/><input type=\"hidden\" name=\"_wpcf7_unit_tag\" value=\"wpcf7-f5675-o1\" \/><input type=\"hidden\" name=\"_wpcf7_container_post\" value=\"0\" \/><input type=\"hidden\" name=\"_wpcf7_posted_data_hash\" value=\"\" \/>\n<\/fieldset>\n<p><label> Ihr Name (*) <\/label><br \/>\n<span class=\"wpcf7-form-control-wrap\" data-name=\"your-name\"><input size=\"40\" maxlength=\"400\" class=\"wpcf7-form-control wpcf7-text wpcf7-validates-as-required\" aria-required=\"true\" aria-invalid=\"false\" value=\"\" type=\"text\" name=\"your-name\" \/><\/span>\n<\/p>\n<p><label> Ihre E-Mail (*) <\/label><br \/>\n<span class=\"wpcf7-form-control-wrap\" data-name=\"your-email\"><input size=\"40\" maxlength=\"400\" class=\"wpcf7-form-control wpcf7-email wpcf7-validates-as-required wpcf7-text wpcf7-validates-as-email\" aria-required=\"true\" aria-invalid=\"false\" value=\"\" type=\"email\" name=\"your-email\" \/><\/span>\n<\/p>\n<p><label> Telefonnummer (*) (bitte mit internationaler Vorwahl)<\/label><br \/>\n<span class=\"wpcf7-form-control-wrap\" data-name=\"your-phone\"><input size=\"40\" maxlength=\"400\" class=\"wpcf7-form-control wpcf7-text wpcf7-validates-as-required\" aria-required=\"true\" aria-invalid=\"false\" value=\"\" type=\"text\" name=\"your-phone\" \/><\/span>\n<\/p>\n<p><label> Diese Nummer verwenden f\u00fcr:<\/label><br \/>\n<span class=\"wpcf7-form-control-wrap\" data-name=\"whatsapp\"><span class=\"wpcf7-form-control wpcf7-checkbox\"><span class=\"wpcf7-list-item first last\"><input type=\"checkbox\" name=\"whatsapp[]\" value=\"WhatsApp\" \/><span class=\"wpcf7-list-item-label\">WhatsApp<\/span><\/span><\/span><\/span><br \/>\n<span class=\"wpcf7-form-control-wrap\" data-name=\"viber\"><span class=\"wpcf7-form-control wpcf7-checkbox\"><span class=\"wpcf7-list-item first last\"><input type=\"checkbox\" name=\"viber[]\" value=\"Viber\" \/><span class=\"wpcf7-list-item-label\">Viber<\/span><\/span><\/span><\/span><br \/>\n<span class=\"wpcf7-form-control-wrap\" data-name=\"telegram\"><span class=\"wpcf7-form-control wpcf7-checkbox\"><span class=\"wpcf7-list-item first last\"><input type=\"checkbox\" name=\"telegram[]\" value=\"Telegram\" \/><span class=\"wpcf7-list-item-label\">Telegram<\/span><\/span><\/span><\/span>\n<\/p>\n<p><label> Wohnsitzland (*) <\/label><br \/>\n<span class=\"wpcf7-form-control-wrap\" data-name=\"your-country\"><input size=\"40\" maxlength=\"400\" class=\"wpcf7-form-control wpcf7-text wpcf7-validates-as-required\" aria-required=\"true\" aria-invalid=\"false\" value=\"\" type=\"text\" name=\"your-country\" \/><\/span>\n<\/p>\n<p><label> Gew\u00fcnschtes Geschlecht des K\u00e4tzchens<\/label><br \/>\n<span class=\"wpcf7-form-control-wrap\" data-name=\"menu-178\"><select class=\"wpcf7-form-control wpcf7-select\" aria-invalid=\"false\" name=\"menu-178\"><option value=\"Keine Pr\u00e4ferenz\">Keine Pr\u00e4ferenz<\/option><option value=\"Ich bevorzuge ein m\u00e4nnliches K\u00e4tzchen\">Ich bevorzuge ein m\u00e4nnliches K\u00e4tzchen<\/option><option value=\"Ich bevorzuge ein weibliches K\u00e4tzchen\">Ich bevorzuge ein weibliches K\u00e4tzchen<\/option><\/select><\/span>\n<\/p>\n<p><label> Ihre Nachricht<\/label><br \/>\n<span class=\"wpcf7-form-control-wrap\" data-name=\"your-message\"><textarea cols=\"40\" rows=\"10\" maxlength=\"2000\" class=\"wpcf7-form-control wpcf7-textarea\" aria-invalid=\"false\" name=\"your-message\"><\/textarea><\/span>\n<\/p>\n<input class=\"wpcf7-form-control wpcf7-hidden\" id=\"relatedH1Input\" value=\"\" type=\"hidden\" name=\"related_h1\" \/>\n<p><input class=\"wpcf7-form-control wpcf7-submit has-spinner\" type=\"submit\" value=\"Absenden\" \/>\n<\/p><input type=\"hidden\" id=\"ct_checkjs_cf7_7c590f01490190db0ed02a5070e20f01\" name=\"ct_checkjs_cf7\" value=\"0\" \/><script >setTimeout(function(){var ct_input_name = \"ct_checkjs_cf7_7c590f01490190db0ed02a5070e20f01\";if (document.getElementById(ct_input_name) !== null) {var ct_input_value = document.getElementById(ct_input_name).value;document.getElementById(ct_input_name).value = document.getElementById(ct_input_name).value.replace(ct_input_value, '50348d454e86ca2080539d8dd897820438496d511a88489c2abe2ec9f4056bbe');}}, 1000);<\/script><input\n                    class=\"apbct_special_field apbct_email_id__wp_contact_form_7\"\n                    name=\"apbct__email_id__wp_contact_form_7\"\n                    aria-label=\"apbct__label_id__wp_contact_form_7\"\n                    type=\"text\" size=\"30\" maxlength=\"200\" autocomplete=\"off\"\n                    value=\"\"\n                \/><div class=\"wpcf7-response-output\" aria-hidden=\"true\"><\/div>\n<\/form>\n<\/div>\n<\/div><\/div><div class=\"cz_gap clr \" style=\"height: 50px\"><\/div>[\/vc_column][\/vc_row]<\/p>\n<\/div>","protected":false},"excerpt":{"rendered":"<p>[vc_row][vc_column][\/vc_column][\/vc_row][vc_row gap=&#8220;35&#8243; css=&#8220;.vc_custom_1692340505596{background-position: center !important;background-repeat: no-repeat !important;background-size: cover !important;}&#8220;][vc_column offset=&#8220;vc_col-lg-8&#8243; css=&#8220;.vc_custom_1516136899580{padding-right: &#8230; <\/p>\n","protected":false},"author":1,"featured_media":0,"parent":0,"menu_order":0,"comment_status":"closed","ping_status":"closed","template":"","meta":{"footnotes":""},"class_list":["post-19","page","type-page","status-publish","hentry"],"translation":{"provider":"WPGlobus","version":"3.0.2","language":"de","enabled_languages":["en","de","fr"],"languages":{"en":{"title":true,"content":true,"excerpt":false},"de":{"title":true,"content":true,"excerpt":false},"fr":{"title":false,"content":false,"excerpt":false}}},"_links":{"self":[{"href":"https:\/\/burma-katzenzucht.de\/de\/wp-json\/wp\/v2\/pages\/19","targetHints":{"allow":["GET"]}}],"collection":[{"href":"https:\/\/burma-katzenzucht.de\/de\/wp-json\/wp\/v2\/pages"}],"about":[{"href":"https:\/\/burma-katzenzucht.de\/de\/wp-json\/wp\/v2\/types\/page"}],"author":[{"embeddable":true,"href":"https:\/\/burma-katzenzucht.de\/de\/wp-json\/wp\/v2\/users\/1"}],"replies":[{"embeddable":true,"href":"https:\/\/burma-katzenzucht.de\/de\/wp-json\/wp\/v2\/comments?post=19"}],"version-history":[{"count":0,"href":"https:\/\/burma-katzenzucht.de\/de\/wp-json\/wp\/v2\/pages\/19\/revisions"}],"wp:attachment":[{"href":"https:\/\/burma-katzenzucht.de\/de\/wp-json\/wp\/v2\/media?parent=19"}],"curies":[{"name":"wp","href":"https:\/\/api.w.org\/{rel}","templated":true}]}}